{"id":32,"date":"2014-08-07T20:07:36","date_gmt":"2014-08-07T19:07:36","guid":{"rendered":"http:\/\/miacellavie.com\/?page_id=32"},"modified":"2015-09-15T09:01:05","modified_gmt":"2015-09-15T13:01:05","slug":"contact","status":"publish","type":"page","link":"https:\/\/miacellavie.com\/en\/contact\/","title":{"rendered":"Contact"},"content":{"rendered":"<div><\/div>\n<p>&nbsp;<\/p>\n<div>\n<figure id=\"attachment_121\" aria-describedby=\"caption-attachment-121\" style=\"width: 150px\" class=\"wp-caption alignright\"><a href=\"https:\/\/miacellavie.com\/image-processing-analysis?lang=fr\"><img decoding=\"async\" class=\"wp-image-121 size-thumbnail\" src=\"https:\/\/miacellavie.com\/wp-content\/uploads\/image_processing_analysis-150x150.jpg\" alt=\"Solutions: traitement &amp; analyse d'images\" width=\"150\" height=\"150\" \/><\/a><figcaption id=\"caption-attachment-121\" class=\"wp-caption-text\">Solutions: traitement &amp; analyse d&#8217;images<\/figcaption><\/figure>\n<figure id=\"attachment_90\" aria-describedby=\"caption-attachment-90\" style=\"width: 150px\" class=\"wp-caption alignright\"><a href=\"https:\/\/miacellavie.com\/consulting-training-education?lang=fr\"><img decoding=\"async\" class=\"wp-image-90 size-thumbnail\" src=\"https:\/\/miacellavie.com\/wp-content\/uploads\/consulting_training_education-150x150.jpg\" alt=\"Expertise: consultation, formation &amp; \u00e9ducation\" width=\"150\" height=\"150\" \/><\/a><figcaption id=\"caption-attachment-90\" class=\"wp-caption-text\">Expertise: consultation, formation &amp; \u00e9ducation<\/figcaption><\/figure>\n<figure id=\"attachment_77\" aria-describedby=\"caption-attachment-77\" style=\"width: 150px\" class=\"wp-caption alignright\"><a href=\"https:\/\/miacellavie.com\/technical-services-operations?lang=fr\"><img decoding=\"async\" class=\"wp-image-77 size-thumbnail\" src=\"https:\/\/miacellavie.com\/wp-content\/uploads\/technical_services_operation-150x150.jpg\" alt=\"Performance: services techniques &amp; op\u00e9rations\" width=\"150\" height=\"150\" \/><\/a><figcaption id=\"caption-attachment-77\" class=\"wp-caption-text\">Performance: services techniques &amp; op\u00e9rations<\/figcaption><\/figure>\n<\/div>\n<div>\n<h2 style=\"text-align: left;\"><em><strong>Nous sommes des scientifiques et techniciens en microscopie vous procurant performance, expertise et\u00a0solutions. \u00a0Voici notre \u00e9quipe:<\/strong><\/em><\/h2>\n<h4>Judith Lacoste, B.Sc., Ph.D.,\u00a0Pr\u00e9sidente fondatrice et Directrice scientifique<\/h4>\n<p class=\"p1\"><span class=\"s1\">Elle est d\u00e9tentrice<\/span>\u00a0de dipl\u00f4mes de baccalaur\u00e9at (B.Sc.) et de doctorat (Ph.D.) de l\u2019Universit\u00e9 McGill\u00a0et\u00a0stagiaire post-doctoral aux Universit\u00e9s de la Virginie et McGill.\u00a0 Elle a fait partie de la communaut\u00e9 scientifique de McGill depuis plusieurs ann\u00e9es, pendant lesquelles elle a fait de la recherche fondamentale en immunologie, virologie, oncologie\/cancer, sur la motilit\u00e9 cellulaire, le \u201csignaling\u201d et la r\u00e9gulation g\u00e9nique. \u00a0Elle a \u00e9t\u00e9 en charge de plate-forme de microscopie pendant plusieurs ann\u00e9es.<\/p>\n<h4><\/h4>\n<h4>Jonas Dorn, M.Sc., Ph.D., Consultant scientifique<\/h4>\n<p>Il d\u00e9tient une ma\u00eetrise en Sciences des Mat\u00e9riaux (Eidgen\u00f6ssische Technische Hochschule Z\u00fcrich) et un doctorat en Biologie Cellulaire (The Scripps Research Institute). \u00a0Il a utilis\u00e9 la microscopie sur \u00e9chantillon vivant, l&#8217;analyse d&#8217;image automatis\u00e9e, l&#8217;analyse statistique et la mod\u00e9lisation computationelle pour \u00e9tudier le cycle de division cellulaire.<\/p>\n<h4>Laurence Lejeune, M.Sc., Consultant-expert en d\u00e9veloppement et cytom\u00e9trie<\/h4>\n<p>Elle d\u00e9tient des dipl\u00f4mes de l&#8217;Universit\u00e9 Pierre et Marie Curie (Bio-industries) et de l&#8217;Universit\u00e9 du Qu\u00e9bec \u00e0 Montr\u00e9al (Biochimie). \u00a0Elle poss\u00e8de une forte expertise en cytom\u00e9trie en flux et en d\u00e9veloppement d&#8217;affaires. \u00a0Elle a co-fond\u00e9 l&#8217;Association Canadienne de Cytom\u00e9trie et Microscopie (ACCM).<\/p>\n<h4>Brian Northan, BEng., M.Sc., Consultant-expert en traitement et analyse d&#8217;image<\/h4>\n<p class=\"p1\"><span class=\"s1\">Il compte 15 ann\u00e9es d&#8217;exp\u00e9rience dans la conception d&#8217;applications de traitement d&#8217;images biom\u00e9dicales en c++, java, et\u00a0matlab.\u00a0 Exp\u00e9rience dans l&#8217;impl\u00e9mentation\u00a0de m\u00e9thodes modernes d&#8217;analyses d&#8217;images tels que pr\u00e9-traitement, d\u00e9convolution, segmentation, mesures\u00a0et apprentissage machine. Exp\u00e9rience avec l&#8217;utilisation et le d\u00e9veloppement d&#8217;outils &#8220;open-source&#8221; tels que ImageJ, KNIME et\u00a0Python.<\/span><\/p>\n<h4>Alain Pr\u00e9vost, B.Mec.Eng., Consultant-expert en ing\u00e9nierie m\u00e9canique<\/h4>\n<p>Il d\u00e9tient un dipl\u00f4me de l&#8217;\u00c9cole de technologies sup\u00e9rieures de Montr\u00e9al. \u00a0Il poss\u00e8de plus de 25 ann\u00e9es d&#8217;exp\u00e9rience dans l&#8217;entretien de syst\u00e8mes m\u00e9caniques \u00a0ainsi qu&#8217;en d\u00e9veloppement et gestion d&#8217;entreprises.<\/p>\n<h4>Alain Villeneuve, Eng., Ph.D.,\u00a0Consultant-expert en laser et optique<\/h4>\n<p>Il d\u00e9tient des dipl\u00f4mes des Universit\u00e9 de Montr\u00e9al &#8211; \u00c9cole polytechnique de Montr\u00e9al et du\u00a0University of Arizona. \u00a0Il poss\u00e8de de l&#8217;exp\u00e9rience dans la production et la commercialisation de lasers et de syst\u00e8mes laser pour l&#8217;imagerie m\u00e9dicale, le diagnostic et traitement, et la spectroscopie dans le moyen infra-rouge.<\/p>\n<h2 style=\"text-align: left;\"><\/h2>\n<h2 style=\"text-align: left;\">Pour nous joindre:<\/h2>\n<h2 style=\"text-align: left;\">MIA Cellavie Inc.<\/h2>\n<h2 style=\"text-align: left;\">CP\u00a0192, Succ.\u00a0Anjou<\/h2>\n<h2 style=\"text-align: left;\">Montr\u00e9al QC\u00a0Canada H1K 4G6<\/h2>\n<h3 style=\"text-align: left;\">T\u00e9l\u00e9phone: 514.352.8547<\/h3>\n<h3 style=\"text-align: left;\">Courriel:\u00a0<a title=\"mailto:info@miacellavie.com\" href=\"mailto:info@miacellavie.com\">info@miacellavie.com<\/a><\/h3>\n<\/div>\n<p>&nbsp;<\/p>\n<div><\/div>\n","protected":false},"excerpt":{"rendered":"<p>&nbsp; Nous sommes des scientifiques et techniciens en microscopie vous procurant performance, expertise et\u00a0solutions. \u00a0Voici notre \u00e9quipe: Judith Lacoste, B.Sc., Ph.D.,\u00a0Pr\u00e9sidente fondatrice et Directrice scientifique Elle est d\u00e9tentrice\u00a0de dipl\u00f4mes de baccalaur\u00e9at (B.Sc.) et de doctorat (Ph.D.) de l\u2019Universit\u00e9 McGill\u00a0et\u00a0stagiaire post-doctoral aux Universit\u00e9s de la Virginie et McGill.\u00a0 Elle a fait partie de la communaut\u00e9 scientifique&hellip;&nbsp;<a href=\"https:\/\/miacellavie.com\/en\/contact\/\" rel=\"bookmark\">Read More &raquo;<span class=\"screen-reader-text\">Contact<\/span><\/a><\/p>\n","protected":false},"author":1,"featured_media":0,"parent":0,"menu_order":7,"comment_status":"closed","ping_status":"closed","template":"template-fullwidth.php","meta":{"neve_meta_sidebar":"","neve_meta_container":"","neve_meta_enable_content_width":"","neve_meta_content_width":0,"neve_meta_title_alignment":"","neve_meta_author_avatar":"","neve_post_elements_order":"","neve_meta_disable_header":"","neve_meta_disable_footer":"","neve_meta_disable_title":"","_themeisle_gutenberg_block_has_review":false,"footnotes":""},"class_list":["post-32","page","type-page","status-publish","hentry"],"jetpack_sharing_enabled":true,"_links":{"self":[{"href":"https:\/\/miacellavie.com\/en\/wp-json\/wp\/v2\/pages\/32","targetHints":{"allow":["GET"]}}],"collection":[{"href":"https:\/\/miacellavie.com\/en\/wp-json\/wp\/v2\/pages"}],"about":[{"href":"https:\/\/miacellavie.com\/en\/wp-json\/wp\/v2\/types\/page"}],"author":[{"embeddable":true,"href":"https:\/\/miacellavie.com\/en\/wp-json\/wp\/v2\/users\/1"}],"replies":[{"embeddable":true,"href":"https:\/\/miacellavie.com\/en\/wp-json\/wp\/v2\/comments?post=32"}],"version-history":[{"count":55,"href":"https:\/\/miacellavie.com\/en\/wp-json\/wp\/v2\/pages\/32\/revisions"}],"predecessor-version":[{"id":579,"href":"https:\/\/miacellavie.com\/en\/wp-json\/wp\/v2\/pages\/32\/revisions\/579"}],"wp:attachment":[{"href":"https:\/\/miacellavie.com\/en\/wp-json\/wp\/v2\/media?parent=32"}],"curies":[{"name":"wp","href":"https:\/\/api.w.org\/{rel}","templated":true}]}}